{"id":3728,"date":"2015-08-26T14:14:01","date_gmt":"2015-08-26T14:14:01","guid":{"rendered":"http:\/\/impreza.us-themes.net\/?page_id=3728"},"modified":"2021-08-11T08:58:11","modified_gmt":"2021-08-11T13:58:11","slug":"blog","status":"publish","type":"page","link":"http:\/\/3.130.99.122\/en\/blog\/","title":{"rendered":"News"},"content":{"rendered":"<section class=\"l-section wpb_row height_custom\"><div class=\"l-section-h i-cf\"><div class=\"g-cols vc_row type_default valign_top\"><div class=\"vc_col-sm-12 wpb_column vc_column_container\"><div class=\"vc_column-inner\"><div class=\"wpb_wrapper\"><form class=\"w-filter state_desktop layout_hor items_1 style_switch_default align_center show_on_hover hide_item_title\" action =\"http:\/\/1\" onsubmit=\"return false;\" onclick='return {&quot;filterPrefix&quot;:&quot;filter&quot;,&quot;hideDisabledValues&quot;:false,&quot;layout&quot;:&quot;hor&quot;,&quot;mobileWidth&quot;:600,&quot;gridNotFoundMessage&quot;:&quot;Nothing to filter. Add a suitable Grid to this page.&quot;}' data-trp-original-action><div class=\"w-filter-list\"><h5 class=\"w-filter-list-title\">Filters<\/h5><a class=\"w-filter-list-closer\" href=\"javascript:void(0);\" title=\"Close\"><\/a><div class=\"w-filter-item\" data-source=\"tax|category\" data-ui_type=\"checkbox\"><a class=\"w-filter-item-title\" href=\"javascript:void(0);\">Category<span><\/span><\/a><a class=\"w-filter-item-reset\" href=\"javascript:void(0);\" title=\"Reset\"><span>Reset<\/span><\/a><div class=\"w-filter-item-values\" data-maxheight=\"40vh\" style=\"max-height:40vh\"><a class=\"w-filter-item-value\" data-item-amount=\"1\" href=\"javascript:void(0);\" tabindex=\"-1\"><label><input class=\"screen-reader-text\" aria-hidden=\"true\" type=\"checkbox\" value=\"digitaltransformation\" name=\"filter_category\"><span class=\"w-form-checkbox\"><\/span><span class=\"w-filter-item-value-label\">Digital Transformation<\/span><span class=\"w-filter-item-value-amount\">1<\/span><\/label><\/a><a class=\"w-filter-item-value\" data-item-amount=\"1\" href=\"javascript:void(0);\" tabindex=\"-1\"><label><input class=\"screen-reader-text\" aria-hidden=\"true\" type=\"checkbox\" value=\"fintech\" name=\"filter_category\"><span class=\"w-form-checkbox\"><\/span><span class=\"w-filter-item-value-label\">Fintech<\/span><span class=\"w-filter-item-value-amount\">1<\/span><\/label><\/a><a class=\"w-filter-item-value\" data-item-amount=\"1\" href=\"javascript:void(0);\" tabindex=\"-1\"><label><input class=\"screen-reader-text\" aria-hidden=\"true\" type=\"checkbox\" value=\"remotework\" name=\"filter_category\"><span class=\"w-form-checkbox\"><\/span><span class=\"w-filter-item-value-label\">RemoteWork<\/span><span class=\"w-filter-item-value-amount\">1<\/span><\/label><\/a><\/div><\/div><\/div><style>@media( max-width:600px ){.w-filter.state_desktop .w-filter-list,.w-filter-item-title>span{display:none}.w-filter-opener{display:inline-block}}<\/style><a class=\"w-filter-opener\" href=\"javascript:void(0);\"><span>Filters<\/span><\/a><div class=\"w-filter-json-filters-args hidden\" onclick='return {&quot;taxonomies_query_args&quot;:{&quot;tax|category&quot;:{&quot;agile&quot;:{&quot;fields&quot;:&quot;ids&quot;,&quot;nopaging&quot;:true,&quot;post_status&quot;:[&quot;publish&quot;,&quot;inherit&quot;],&quot;post_type&quot;:&quot;post&quot;,&quot;posts_per_page&quot;:1,&quot;suppress_filters&quot;:true,&quot;tax_query&quot;:[{&quot;taxonomy&quot;:&quot;category&quot;,&quot;field&quot;:&quot;slug&quot;,&quot;terms&quot;:&quot;agile&quot;}]},&quot;coding&quot;:{&quot;fields&quot;:&quot;ids&quot;,&quot;nopaging&quot;:true,&quot;post_status&quot;:[&quot;publish&quot;,&quot;inherit&quot;],&quot;post_type&quot;:&quot;post&quot;,&quot;posts_per_page&quot;:1,&quot;suppress_filters&quot;:true,&quot;tax_query&quot;:[{&quot;taxonomy&quot;:&quot;category&quot;,&quot;field&quot;:&quot;slug&quot;,&quot;terms&quot;:&quot;coding&quot;}]},&quot;digitaltransformation&quot;:{&quot;fields&quot;:&quot;ids&quot;,&quot;nopaging&quot;:true,&quot;post_status&quot;:[&quot;publish&quot;,&quot;inherit&quot;],&quot;post_type&quot;:&quot;post&quot;,&quot;posts_per_page&quot;:1,&quot;suppress_filters&quot;:true,&quot;tax_query&quot;:[{&quot;taxonomy&quot;:&quot;category&quot;,&quot;field&quot;:&quot;slug&quot;,&quot;terms&quot;:&quot;digitaltransformation&quot;}]},&quot;fintech&quot;:{&quot;fields&quot;:&quot;ids&quot;,&quot;nopaging&quot;:true,&quot;post_status&quot;:[&quot;publish&quot;,&quot;inherit&quot;],&quot;post_type&quot;:&quot;post&quot;,&quot;posts_per_page&quot;:1,&quot;suppress_filters&quot;:true,&quot;tax_query&quot;:[{&quot;taxonomy&quot;:&quot;category&quot;,&quot;field&quot;:&quot;slug&quot;,&quot;terms&quot;:&quot;fintech&quot;}]},&quot;photography&quot;:{&quot;fields&quot;:&quot;ids&quot;,&quot;nopaging&quot;:true,&quot;post_status&quot;:[&quot;publish&quot;,&quot;inherit&quot;],&quot;post_type&quot;:&quot;post&quot;,&quot;posts_per_page&quot;:1,&quot;suppress_filters&quot;:true,&quot;tax_query&quot;:[{&quot;taxonomy&quot;:&quot;category&quot;,&quot;field&quot;:&quot;slug&quot;,&quot;terms&quot;:&quot;photography&quot;}]},&quot;remotework&quot;:{&quot;fields&quot;:&quot;ids&quot;,&quot;nopaging&quot;:true,&quot;post_status&quot;:[&quot;publish&quot;,&quot;inherit&quot;],&quot;post_type&quot;:&quot;post&quot;,&quot;posts_per_page&quot;:1,&quot;suppress_filters&quot;:true,&quot;tax_query&quot;:[{&quot;taxonomy&quot;:&quot;category&quot;,&quot;field&quot;:&quot;slug&quot;,&quot;terms&quot;:&quot;remotework&quot;}]},&quot;social-marketing&quot;:{&quot;fields&quot;:&quot;ids&quot;,&quot;nopaging&quot;:true,&quot;post_status&quot;:[&quot;publish&quot;,&quot;inherit&quot;],&quot;post_type&quot;:&quot;post&quot;,&quot;posts_per_page&quot;:1,&quot;suppress_filters&quot;:true,&quot;tax_query&quot;:[{&quot;taxonomy&quot;:&quot;category&quot;,&quot;field&quot;:&quot;slug&quot;,&quot;terms&quot;:&quot;social-marketing&quot;}]},&quot;uncategorized&quot;:{&quot;fields&quot;:&quot;ids&quot;,&quot;nopaging&quot;:true,&quot;post_status&quot;:[&quot;publish&quot;,&quot;inherit&quot;],&quot;post_type&quot;:&quot;post&quot;,&quot;posts_per_page&quot;:1,&quot;suppress_filters&quot;:true,&quot;tax_query&quot;:[{&quot;taxonomy&quot;:&quot;category&quot;,&quot;field&quot;:&quot;slug&quot;,&quot;terms&quot;:&quot;uncategorized&quot;}]}}}}'><\/div><input type=\"hidden\" name=\"trp-form-language\" value=\"en\"\/><\/form><div class=\"w-separator size_medium\"><\/div><div class=\"w-grid type_grid layout_blog_6 cols_3 valign_center with_css_animation ratio_1x1\" id=\"us_grid_1\" data-filterable=\"true\"><style id=\"us_grid_1_css\">#us_grid_1 .w-grid-item{padding:1rem}#us_grid_1 .w-grid-list{margin:-1rem -1rem 1rem}.w-grid + #us_grid_1 .w-grid-list{margin-top:1rem}@media (max-width:899px){#us_grid_1 .w-grid-item{width:50.0000%}}@media (max-width:599px){#us_grid_1 .w-grid-list{margin:0}#us_grid_1 .w-grid-item{width:100.0000%;padding:0;margin-bottom:1rem}}#us_grid_1 .w-grid-item-h:before{padding-bottom:100.0000%}<\/style><style>.layout_blog_6 .w-grid-item-h:before{padding-bottom:75.0000%}.layout_blog_6 .w-grid-item-h{}.layout_blog_6 .usg_post_image_1{transition-duration:0.3s;transform-origin:50% 50%;transform:scale(1) translate(0,0)}.layout_blog_6 .w-grid-item-h:hover .usg_post_image_1{transform:scale(1.1) translate(0,0);opacity:1}.layout_blog_6 .usg_post_image_1{position:absolute!important;top:0!important;right:0!important;bottom:0!important;left:0!important}.layout_blog_6 .usg_post_title_1{font-size:1.4rem!important;color:inherit!important}.layout_blog_6 .usg_post_taxonomy_1{font-size:14px!important;font-weight:700!important;text-transform:uppercase!important;margin-right:0.6rem!important}.layout_blog_6 .usg_post_date_1{font-size:14px!important;color:#999999!important}.layout_blog_6 .usg_vwrapper_1{color:#1a1a1a!important;position:absolute!important;left:0!important;right:2rem!important;bottom:0!important;padding-top:0.5rem!important;padding-right:2rem!important;background:#ffffff!important}.layout_blog_6 .usg_hwrapper_1{margin-bottom:0!important}@media (max-width:599px){.layout_blog_6 .usg_post_title_1{font-size:1.2rem!important}}<\/style><div class=\"w-grid-list\" >\t<article class=\"w-grid-item animate_aft post-68 post type-post status-publish format-standard has-post-thumbnail sticky hentry category-fintech\" data-id=\"68\" style=\"animation-delay:0s\">\r\n\t\t<div class=\"w-grid-item-h\">\r\n\t\t\t\t\t\t<div class=\"w-post-elm post_image usg_post_image_1 stretched\"><a href=\"http:\/\/3.130.99.122\/en\/fintech-post\/\" aria-label=\"Fintech will boost financial inclusion\"><img loading=\"lazy\" decoding=\"async\" width=\"728\" height=\"518\" src=\"http:\/\/3.130.99.122\/wp-content\/uploads\/2021\/07\/carlos-muza-hpjSkU2UYSU-unsplash.jpg\" class=\"attachment-large size-large wp-post-image\" alt=\"\" srcset=\"http:\/\/3.130.99.122\/wp-content\/uploads\/2021\/07\/carlos-muza-hpjSkU2UYSU-unsplash.jpg 728w, http:\/\/3.130.99.122\/wp-content\/uploads\/2021\/07\/carlos-muza-hpjSkU2UYSU-unsplash-300x213.jpg 300w, http:\/\/3.130.99.122\/wp-content\/uploads\/2021\/07\/carlos-muza-hpjSkU2UYSU-unsplash-450x320.jpg 450w, http:\/\/3.130.99.122\/wp-content\/uploads\/2021\/07\/carlos-muza-hpjSkU2UYSU-unsplash-562x400.jpg 562w\" sizes=\"auto, (max-width: 728px) 100vw, 728px\" \/><\/a><\/div><div class=\"w-vwrapper usg_vwrapper_1 align_left valign_top\"><div class=\"w-hwrapper usg_hwrapper_1 align_left valign_top\"><div class=\"w-post-elm post_taxonomy usg_post_taxonomy_1 style_simple\"><a href=\"http:\/\/3.130.99.122\/en\/category\/fintech\/\">Fintech<\/a><\/div><time class=\"w-post-elm post_date usg_post_date_1 entry-date published\" datetime=\"2021-07-18T19:00:20-05:00\" title=\"18 July 2021 at 19:00:20 -05:00\">18 Jul 2021<\/time><\/div><h2 class=\"w-post-elm post_title usg_post_title_1 entry-title color_link_inherit has_text_color\"><a href=\"http:\/\/3.130.99.122\/en\/fintech-post\/\">Fintech will boost financial inclusion<\/a><\/h2><\/div>\t\t<\/div>\r\n\t<\/article>\r\n\t<article class=\"w-grid-item animate_aft post-72 post type-post status-publish format-standard has-post-thumbnail hentry category-remotework\" data-id=\"72\" style=\"animation-delay:0.1s\">\r\n\t\t<div class=\"w-grid-item-h\">\r\n\t\t\t\t\t\t<div class=\"w-post-elm post_image usg_post_image_1 stretched\"><a href=\"http:\/\/3.130.99.122\/en\/remotework-post\/\" aria-label=\"99% of CEOs are reducing their investments in office space.\"><img loading=\"lazy\" decoding=\"async\" width=\"618\" height=\"410\" src=\"http:\/\/3.130.99.122\/wp-content\/uploads\/2021\/07\/yasmina-h-p8DjPfqEhW0-unsplash.jpg\" class=\"attachment-large size-large wp-post-image\" alt=\"\" srcset=\"http:\/\/3.130.99.122\/wp-content\/uploads\/2021\/07\/yasmina-h-p8DjPfqEhW0-unsplash.jpg 618w, http:\/\/3.130.99.122\/wp-content\/uploads\/2021\/07\/yasmina-h-p8DjPfqEhW0-unsplash-300x199.jpg 300w, http:\/\/3.130.99.122\/wp-content\/uploads\/2021\/07\/yasmina-h-p8DjPfqEhW0-unsplash-450x299.jpg 450w, http:\/\/3.130.99.122\/wp-content\/uploads\/2021\/07\/yasmina-h-p8DjPfqEhW0-unsplash-600x398.jpg 600w\" sizes=\"auto, (max-width: 618px) 100vw, 618px\" \/><\/a><\/div><div class=\"w-vwrapper usg_vwrapper_1 align_left valign_top\"><div class=\"w-hwrapper usg_hwrapper_1 align_left valign_top\"><div class=\"w-post-elm post_taxonomy usg_post_taxonomy_1 style_simple\"><a href=\"http:\/\/3.130.99.122\/en\/category\/remotework\/\">RemoteWork<\/a><\/div><time class=\"w-post-elm post_date usg_post_date_1 entry-date published\" datetime=\"2021-07-29T12:00:15-05:00\" title=\"29 July 2021 at 12:00:15 -05:00\">29 Jul 2021<\/time><\/div><h2 class=\"w-post-elm post_title usg_post_title_1 entry-title color_link_inherit has_text_color\"><a href=\"http:\/\/3.130.99.122\/en\/remotework-post\/\">99% of CEOs are reducing their investments in office space.<\/a><\/h2><\/div>\t\t<\/div>\r\n\t<\/article>\r\n\t<article class=\"w-grid-item animate_aft post-87 post type-post status-publish format-standard has-post-thumbnail hentry category-digitaltransformation\" data-id=\"87\" style=\"animation-delay:0.2s\">\r\n\t\t<div class=\"w-grid-item-h\">\r\n\t\t\t\t\t\t<div class=\"w-post-elm post_image usg_post_image_1 stretched\"><a href=\"http:\/\/3.130.99.122\/en\/digital-transformation-post\/\" aria-label=\"Four global trends in digital transformation\"><img loading=\"lazy\" decoding=\"async\" width=\"720\" height=\"480\" src=\"http:\/\/3.130.99.122\/wp-content\/uploads\/2021\/07\/leon-Oalh2MojUuk-unsplash-1.jpg\" class=\"attachment-large size-large wp-post-image\" alt=\"\" srcset=\"http:\/\/3.130.99.122\/wp-content\/uploads\/2021\/07\/leon-Oalh2MojUuk-unsplash-1.jpg 720w, http:\/\/3.130.99.122\/wp-content\/uploads\/2021\/07\/leon-Oalh2MojUuk-unsplash-1-300x200.jpg 300w, http:\/\/3.130.99.122\/wp-content\/uploads\/2021\/07\/leon-Oalh2MojUuk-unsplash-1-450x300.jpg 450w, http:\/\/3.130.99.122\/wp-content\/uploads\/2021\/07\/leon-Oalh2MojUuk-unsplash-1-600x400.jpg 600w\" sizes=\"auto, (max-width: 720px) 100vw, 720px\" \/><\/a><\/div><div class=\"w-vwrapper usg_vwrapper_1 align_left valign_top\"><div class=\"w-hwrapper usg_hwrapper_1 align_left valign_top\"><div class=\"w-post-elm post_taxonomy usg_post_taxonomy_1 style_simple\"><a href=\"http:\/\/3.130.99.122\/en\/category\/digitaltransformation\/\">Digital Transformation<\/a><\/div><time class=\"w-post-elm post_date usg_post_date_1 entry-date published\" datetime=\"2021-07-23T12:00:50-05:00\" title=\"23 July 2021 at 12:00:50 -05:00\">23 Jul 2021<\/time><\/div><h2 class=\"w-post-elm post_title usg_post_title_1 entry-title color_link_inherit has_text_color\"><a href=\"http:\/\/3.130.99.122\/en\/digital-transformation-post\/\">Four global trends in digital transformation<\/a><\/h2><\/div>\t\t<\/div>\r\n\t<\/article>\r\n<\/div><div class=\"w-grid-preloader\"><div class=\"g-preloader type_3\">\r\n\t<div><\/div>\r\n<\/div>\r\n<\/div>\t<div class=\"w-grid-json hidden\" onclick='return {&quot;action&quot;:&quot;us_ajax_grid&quot;,&quot;ajax_url&quot;:&quot;http:\\\/\\\/3.130.99.122\\\/wp-admin\\\/admin-ajax.php&quot;,&quot;infinite_scroll&quot;:0,&quot;max_num_pages&quot;:1,&quot;pagination&quot;:&quot;infinite&quot;,&quot;permalink_url&quot;:&quot;http:\\\/\\\/3.130.99.122\\\/en\\\/wp-json\\\/wp\\\/v2\\\/pages\\\/3728&quot;,&quot;template_vars&quot;:{&quot;columns&quot;:&quot;3&quot;,&quot;exclude_items&quot;:&quot;none&quot;,&quot;img_size&quot;:&quot;default&quot;,&quot;ignore_items_size&quot;:&quot;1&quot;,&quot;items_layout&quot;:&quot;blog_6&quot;,&quot;items_offset&quot;:&quot;1&quot;,&quot;load_animation&quot;:&quot;aft&quot;,&quot;overriding_link&quot;:&quot;none&quot;,&quot;post_id&quot;:3728,&quot;query_args&quot;:{&quot;post_type&quot;:[&quot;post&quot;],&quot;post_status&quot;:[&quot;publish&quot;],&quot;posts_per_page&quot;:&quot;8&quot;},&quot;orderby_query_args&quot;:{&quot;orderby&quot;:{&quot;date&quot;:&quot;DESC&quot;}},&quot;type&quot;:&quot;grid&quot;,&quot;us_grid_ajax_index&quot;:1,&quot;us_grid_filter_params&quot;:null,&quot;us_grid_index&quot;:1,&quot;_us_grid_post_type&quot;:&quot;post&quot;}}'><\/div>\r\n\t<\/div><\/div><\/div><\/div><\/div><\/div><\/section>","protected":false},"excerpt":{"rendered":"Despu\u00e9s de la pandemia, tanto gerentes como colaboradores han entendido la necesidad de impulsar y adoptar nuevas formas de trabajo de la mano de la tecnolog\u00eda, con el objetivo de aumentar su competitividad y as\u00ed luchar por no desaparecer. Seg\u00fan Santiago Pinz\u00f3n, vicepresidente de Transformaci\u00f3n Digital de la Andi, \"actualmente\u00a06 de cada 10 empresas tienen...","protected":false},"author":1,"featured_media":0,"parent":0,"menu_order":0,"comment_status":"closed","ping_status":"closed","template":"","meta":{"footnotes":""},"class_list":["post-3728","page","type-page","status-publish","hentry"],"jetpack_sharing_enabled":true,"_links":{"self":[{"href":"http:\/\/3.130.99.122\/en\/wp-json\/wp\/v2\/pages\/3728","targetHints":{"allow":["GET"]}}],"collection":[{"href":"http:\/\/3.130.99.122\/en\/wp-json\/wp\/v2\/pages"}],"about":[{"href":"http:\/\/3.130.99.122\/en\/wp-json\/wp\/v2\/types\/page"}],"author":[{"embeddable":true,"href":"http:\/\/3.130.99.122\/en\/wp-json\/wp\/v2\/users\/1"}],"replies":[{"embeddable":true,"href":"http:\/\/3.130.99.122\/en\/wp-json\/wp\/v2\/comments?post=3728"}],"version-history":[{"count":5,"href":"http:\/\/3.130.99.122\/en\/wp-json\/wp\/v2\/pages\/3728\/revisions"}],"predecessor-version":[{"id":8417,"href":"http:\/\/3.130.99.122\/en\/wp-json\/wp\/v2\/pages\/3728\/revisions\/8417"}],"wp:attachment":[{"href":"http:\/\/3.130.99.122\/en\/wp-json\/wp\/v2\/media?parent=3728"}],"curies":[{"name":"wp","href":"https:\/\/api.w.org\/{rel}","templated":true}]}}