{"id":7085,"date":"2013-05-31T11:57:37","date_gmt":"2013-05-31T11:57:37","guid":{"rendered":"http:\/\/impreza.us-themes.net\/pages\/about\/"},"modified":"2021-07-27T12:22:18","modified_gmt":"2021-07-27T17:22:18","slug":"nosotros","status":"publish","type":"page","link":"http:\/\/3.130.99.122\/en\/nosotros\/","title":{"rendered":"We"},"content":{"rendered":"<section class=\"l-section wpb_row height_large color_primary with_img parallax_hor bgwidth_110 with_overlay\"><div class=\"l-section-img\" style=\"background-image: url(http:\/\/3.130.99.122\/wp-content\/uploads\/2021\/04\/equipo.jpg);\" data-img-width=\"1191\" data-img-height=\"791\"><\/div><div class=\"l-section-overlay\" style=\"background: rgba(2,2,2,0.67)\"><\/div><div class=\"l-section-h i-cf\"><div class=\"g-cols vc_row type_default valign_top\"><div class=\"vc_col-sm-12 wpb_column vc_column_container\"><div class=\"vc_column-inner\"><div class=\"wpb_wrapper\"><div class=\"w-separator size_medium\"><\/div><div class=\"wpb_text_column\" ><div class=\"wpb_wrapper\"><h1 style=\"text-align: center;\"><span style=\"font-weight: 400;\">Nuestro Equipo: Un Aliado Ideal<\/span><\/h1>\n<\/div><\/div><div class=\"w-separator size_small\"><\/div><div class=\"w-iconbox iconpos_top style_default color_custom align_center no_title no_text\"><a href=\"#intro\" class=\"w-iconbox-link\" aria-label=\"far|chevron-down\"><div class=\"w-iconbox-icon\" style=\"font-size:3rem;color:#ffffff;\"><i class=\"far fa-chevron-down\"><\/i><\/div><\/a><div class=\"w-iconbox-meta\"><\/div><\/div><div class=\"w-separator size_medium\"><\/div><\/div><\/div><\/div><\/div><\/div><\/section><section class=\"l-section wpb_row height_auto color_primary type_sticky\"><div class=\"l-section-h i-cf\"><div class=\"g-cols vc_row type_default valign_top\"><div class=\"vc_col-sm-12 wpb_column vc_column_container\"><div class=\"vc_column-inner\"><div class=\"wpb_wrapper\"><div class=\"w-menu us_custom_b4198c51 layout_hor style_blocks not_responsive align_center us_menu_1\"><ul id=\"menu-about-menu\" class=\"menu\"><li id=\"menu-item-3236\" class=\"menu-item menu-item-type-custom menu-item-object-custom menu-item-3236\"><a href=\"#nosotros\">We<\/a><\/li><li id=\"menu-item-7074\" class=\"menu-item menu-item-type-custom menu-item-object-custom menu-item-7074\"><a href=\"#fundadores\">Founders<\/a><\/li><li id=\"menu-item-7072\" class=\"menu-item menu-item-type-custom menu-item-object-custom menu-item-7072\"><a href=\"#cultura\">Nuestra Cultura<\/a><\/li><\/ul><style>.us_menu_1 .menu>li>a{padding:0.8em 0.8em}.us_menu_1 .menu>li>a{color:rgba(255,255,255,0.66)}.us_menu_1 .menu>.menu-item:not(.current-menu-item)>a:hover{color:#fff}.us_menu_1 .menu>.current-menu-item>a{color:#fff}<\/style><\/div><\/div><\/div><\/div><\/div><\/div><\/section><section class=\"l-section wpb_row height_custom color_alternate\" id=\"nosotros\"><div class=\"l-section-h i-cf\"><div class=\"g-cols vc_row type_default valign_top\"><div class=\"vc_col-sm-12 wpb_column vc_column_container animate_aft\" style=\"animation-delay:0s\"><div class=\"vc_column-inner\"><div class=\"wpb_wrapper\"><div class=\"g-cols wpb_row  type_default valign_top vc_inner\"><div class=\"vc_col-sm-12 vc_col-md-offset-3 vc_col-md-6 wpb_column vc_column_container\"><div class=\"vc_column-inner\"><div class=\"wpb_wrapper\"><div class=\"wpb_text_column\" ><div class=\"wpb_wrapper\"><h2 style=\"text-align: center;\">We<\/h2>\n<\/div><\/div><div class=\"w-separator size_small\"><\/div><\/div><\/div><\/div><\/div><div class=\"g-cols wpb_row  type_default valign_top vc_inner\"><div class=\"vc_col-sm-6 wpb_column vc_column_container\"><div class=\"vc_column-inner\"><div class=\"wpb_wrapper\"><div class=\"wpb_text_column\" ><div class=\"wpb_wrapper\"><p style=\"text-align: justify;\"><span style=\"font-weight: 400;\">Somos una compa\u00f1\u00eda de <strong>Tecnolog\u00eda Financiera<\/strong> fundada en Colombia 2015, experta en crear e integrar <strong>Soluciones Digitales y de Negocio<\/strong> con el prop\u00f3sito de impulsar la Transformaci\u00f3n Digital de la Industria Financiera en Colombia y Am\u00e9rica Latina.\u00a0<\/span><\/p>\n<p style=\"text-align: justify;\"><span style=\"font-weight: 400;\">Trabajamos con las <strong>Entidades Financieras<\/strong> apalancando su transformaci\u00f3n a trav\u00e9s de nuestra Suite Digital y el desarrollo y puesta en marcha de plataformas financieras que brinden <strong>experiencias digitales innovadoras<\/strong>, dinamicen su negocio y faciliten el acceso a sus clientes.<\/span><\/p>\n<\/div><\/div><\/div><\/div><\/div><div class=\"vc_col-sm-6 wpb_column vc_column_container\"><div class=\"vc_column-inner\"><div class=\"wpb_wrapper\"><div class=\"wpb_text_column\" ><div class=\"wpb_wrapper\"><p style=\"text-align: justify;\"><span style=\"font-weight: 400;\">Hemos reunido un gran <strong>equipo de profesionales<\/strong> con importante experiencia en el sector financiero, que trabaja con el firme prop\u00f3sito de brindar el mejor servicio siempre con eficiencia, creatividad y calidad.<\/span><\/p>\n<p style=\"text-align: justify;\"><span style=\"font-weight: 400;\">En <strong>SIX DEGREES IT<\/strong> hacemos la diferencia al combinar nuestra pasi\u00f3n con el conocimiento del mercado, las tecnolog\u00edas m\u00e1s recientes y los procesos operativos y de negocio de nuestros clientes, convirti\u00e9ndonos en el mejor <strong>Aliado para la Transformaci\u00f3n Digital de la Industria Financiera<\/strong>.<\/span><\/p>\n<\/div><\/div><\/div><\/div><\/div><\/div><div class=\"w-separator size_medium\"><\/div><\/div><\/div><\/div><\/div><\/div><\/section><section class=\"l-section wpb_row height_custom color_alternate\" id=\"fundadores\"><div class=\"l-section-h i-cf\"><div class=\"g-cols vc_row type_default valign_top\"><div class=\"vc_col-sm-12 wpb_column vc_column_container animate_afb\" style=\"animation-delay:0s\"><div class=\"vc_column-inner\"><div class=\"wpb_wrapper\"><div class=\"wpb_text_column\" ><div class=\"wpb_wrapper\"><h2 style=\"text-align: center;\"><span style=\"font-weight: 400;\">Nuestros Founders<\/span><\/h2>\n<\/div><\/div><div class=\"w-separator size_medium\"><\/div><div class=\"g-cols wpb_row  type_default valign_top gap-30 vc_inner\"><style>.g-cols.gap-30{margin:0 calc(-1.5rem - 30)}.gap-30 > .vc_column_container {padding:30}<\/style><div class=\"vc_col-sm-6 wpb_column vc_column_container\"><div class=\"vc_column-inner\"><div class=\"wpb_wrapper\"><div class=\"w-person layout_circle with_desc with_socials\" itemscope itemtype=\"https:\/\/schema.org\/Person\"><div class=\"w-person-image\"><img loading=\"lazy\" decoding=\"async\" width=\"850\" height=\"850\" src=\"http:\/\/3.130.99.122\/wp-content\/uploads\/2021\/04\/angelica-1.jpg\" class=\"attachment-full size-full\" alt=\"\" srcset=\"http:\/\/3.130.99.122\/wp-content\/uploads\/2021\/04\/angelica-1.jpg 850w, http:\/\/3.130.99.122\/wp-content\/uploads\/2021\/04\/angelica-1-300x300.jpg 300w, http:\/\/3.130.99.122\/wp-content\/uploads\/2021\/04\/angelica-1-150x150.jpg 150w, http:\/\/3.130.99.122\/wp-content\/uploads\/2021\/04\/angelica-1-450x450.jpg 450w, http:\/\/3.130.99.122\/wp-content\/uploads\/2021\/04\/angelica-1-400x400.jpg 400w\" sizes=\"auto, (max-width: 850px) 100vw, 850px\" \/><div class=\"w-person-links\"><div class=\"w-person-links-list\"><a class=\"w-person-links-item type_linkedin\" title=\"LinkedIn\" href=\"https:\/\/www.linkedin.com\/in\/angelica-acosta-quiroga\/\" target=\"_blank\" rel=\"noopener nofollow\"><i class=\"fab fa-linkedin\"><\/i><\/a><\/div><\/div><\/div><div class=\"w-person-content\"><h4 class=\"w-person-name\" itemprop=\"name\"><span>Ang\u00e9lica Acosta<\/span><\/h4><div class=\"w-person-role\" itemprop=\"jobTitle\">Co-founder \u2013 Business Manager<\/div><div class=\"w-person-description\" itemprop=\"description\"><p>Profesional en Finanzas y Relaciones Int.<br \/>\nM\u00e1s de 10 a\u00f1os de experiencia como Gerencia Comercial de empresa de TI para el Sector Financiero en Colombia y Latinoam\u00e9rica<\/p>\n<\/div><\/div><\/div><div class=\"w-iconbox iconpos_top style_default color_custom align_center no_title no_text\"><a target=\"_blank\" href=\"https:\/\/www.linkedin.com\/in\/angelica-acosta-quiroga\/\" rel=\"noopener\" class=\"w-iconbox-link\" aria-label=\"fab|linkedin\"><div class=\"w-iconbox-icon\" style=\"color:#2045d6;\"><i class=\"fab fa-linkedin\"><\/i><\/div><\/a><div class=\"w-iconbox-meta\"><\/div><\/div><\/div><\/div><\/div><div class=\"vc_col-sm-6 wpb_column vc_column_container\"><div class=\"vc_column-inner\"><div class=\"wpb_wrapper\"><div class=\"w-person layout_circle with_desc with_socials\" itemscope itemtype=\"https:\/\/schema.org\/Person\"><div class=\"w-person-image\"><a href=\"\/en\/pages\/person-page\/\" class=\"w-person-link\" aria-label=\"David Quintero\"><img loading=\"lazy\" decoding=\"async\" width=\"2560\" height=\"2560\" src=\"http:\/\/3.130.99.122\/wp-content\/uploads\/2021\/04\/David-scaled.jpg\" class=\"attachment-full size-full\" alt=\"\" srcset=\"http:\/\/3.130.99.122\/wp-content\/uploads\/2021\/04\/David-scaled.jpg 2560w, http:\/\/3.130.99.122\/wp-content\/uploads\/2021\/04\/David-300x300.jpg 300w, http:\/\/3.130.99.122\/wp-content\/uploads\/2021\/04\/David-1024x1024.jpg 1024w, http:\/\/3.130.99.122\/wp-content\/uploads\/2021\/04\/David-150x150.jpg 150w, http:\/\/3.130.99.122\/wp-content\/uploads\/2021\/04\/David-1536x1536.jpg 1536w, http:\/\/3.130.99.122\/wp-content\/uploads\/2021\/04\/David-450x450.jpg 450w, http:\/\/3.130.99.122\/wp-content\/uploads\/2021\/04\/David-400x400.jpg 400w\" sizes=\"auto, (max-width: 2560px) 100vw, 2560px\" \/><\/a><div class=\"w-person-links\"><div class=\"w-person-links-list\"><a class=\"w-person-links-item type_linkedin\" title=\"LinkedIn\" href=\"https:\/\/www.linkedin.com\/in\/daquinsa\/\" target=\"_blank\" rel=\"noopener nofollow\"><i class=\"fab fa-linkedin\"><\/i><\/a><\/div><\/div><\/div><div class=\"w-person-content\"><a href=\"\/en\/pages\/person-page\/\" class=\"w-person-link\" aria-label=\"David Quintero\"><h4 class=\"w-person-name\" itemprop=\"name\"><span>David Quintero<\/span><\/h4><\/a><div class=\"w-person-role\" itemprop=\"jobTitle\">Co-founder - CEO<\/div><div class=\"w-person-description\" itemprop=\"description\"><p>Ingeniero de Sistemas- MBA<br \/>\nM\u00e1s de 15 a\u00f1os de experiencia como Gerente de Operaciones y tecnolog\u00eda para el Sector Financiero en Colombia y Latinoam\u00e9rica<\/p>\n<\/div><\/div><\/div><div class=\"w-iconbox iconpos_top style_default color_custom align_center no_title no_text\"><a target=\"_blank\" href=\"https:\/\/www.linkedin.com\/in\/daquinsa\/\" rel=\"noopener\" class=\"w-iconbox-link\" aria-label=\"fab|linkedin\"><div class=\"w-iconbox-icon\" style=\"color:#2045d6;\"><i class=\"fab fa-linkedin\"><\/i><\/div><\/a><div class=\"w-iconbox-meta\"><\/div><\/div><\/div><\/div><\/div><\/div><\/div><\/div><\/div><\/div><\/div><\/section><section class=\"l-section wpb_row height_custom\" id=\"cultura\"><div class=\"l-section-h i-cf\"><div class=\"g-cols vc_row type_default valign_middle\"><div class=\"vc_col-sm-8 wpb_column vc_column_container animate_afl\" style=\"animation-delay:0s\"><div class=\"vc_column-inner\"><div class=\"wpb_wrapper\"><div class=\"wpb_text_column\" ><div class=\"wpb_wrapper\"><h2><span style=\"font-weight: 400;\">Nuestra Cultura<\/span><\/h2>\n<h3>Qu\u00e9 tipo de persona trabaja en Six Degrees It.<\/h3>\n<p><span style=\"font-weight: 400;\">Trabajamos bajo cinco (5) pilares: <\/span><b>A<\/b><span style=\"font-weight: 400;\">gilidad, <\/span><b>T<\/b><span style=\"font-weight: 400;\">ransparencia, <\/span><b>I<\/b><span style=\"font-weight: 400;\">nnovaci\u00f3n, <\/span><b>C<\/b><span style=\"font-weight: 400;\">alidad y <\/span><b>C<\/b><span style=\"font-weight: 400;\">ompromiso.<\/span><\/p>\n<\/div><\/div><div class=\"w-separator size_small\"><\/div><div class=\"w-tabs style_default switch_click accordion has_scrolling type_togglable title_atleft icon_plus iconpos_left\"><div class=\"w-tabs-sections\"><div class=\"w-tabs-sections-h\"><div class=\"w-tabs-section with_icon has_text_color\" id=\"1562848284202-750a077c-f068\" style=\"background:#CF0E1C;color:#ffffff;\"><button aria-controls=\"content-1562848284202-750a077c-f068\" class=\"w-tabs-section-header\"><div class=\"w-tabs-section-header-h\"><div class=\"w-tabs-section-control\"><\/div><h3 class=\"w-tabs-section-title\">Agilidad<\/h3><i class=\"far fa-rabbit-fast\"><\/i><\/div><\/button><div class=\"w-tabs-section-content\" id=\"content-1562848284202-750a077c-f068\" aria-expanded=\"false\"><div class=\"w-tabs-section-content-h i-cf\"><div class=\"wpb_text_column\" ><div class=\"wpb_wrapper\"><p><span style=\"font-weight: 400;\">En Six Degrees It estamos comprometidos con crecer y crear constantemente, esto lo logramos gracias a la <\/span><b>agilidad<\/b><span style=\"font-weight: 400;\"> de nuestro equipo. Esto implica no s\u00f3lo un desarrollo \u00e1gil sino la adaptabilidad \u00e1gil al cambio y todas las nuevas implementaciones necesarias.<\/span><\/p>\n<\/div><\/div><\/div><\/div><\/div><div class=\"w-tabs-section with_icon has_text_color\" id=\"1562848284261-93fec616-f986\" style=\"background:#333333;color:#ffffff;\"><button aria-controls=\"content-1562848284261-93fec616-f986\" class=\"w-tabs-section-header\"><div class=\"w-tabs-section-header-h\"><div class=\"w-tabs-section-control\"><\/div><h3 class=\"w-tabs-section-title\">Transparencia<\/h3><i class=\"far fa-glass\"><\/i><\/div><\/button><div class=\"w-tabs-section-content\" id=\"content-1562848284261-93fec616-f986\" aria-expanded=\"false\"><div class=\"w-tabs-section-content-h i-cf\"><div class=\"wpb_text_column\" ><div class=\"wpb_wrapper\"><p><span style=\"font-weight: 400;\">Nuestra comunidad trabaja en equipo todo el tiempo. Controlamos el ambiente sano motivando la retroalimentaci\u00f3n <\/span><b>positiva, <\/b><span style=\"font-weight: 400;\">nuestro equipo debe sentirse c\u00f3modo exponiendo sus inconformidades y dudas abiertamente. Parte de un proyecto exitoso es conocer cada parte de \u00e9l ya sea positiva o negativa y exponerlo de la misma forma.<\/span><\/p>\n<\/div><\/div><\/div><\/div><\/div><div class=\"w-tabs-section with_icon has_text_color\" id=\"1562848284321-bb06b27f-8b6c\" style=\"background:#CF0E1C;color:#ffffff;\"><button aria-controls=\"content-1562848284321-bb06b27f-8b6c\" class=\"w-tabs-section-header\"><div class=\"w-tabs-section-header-h\"><div class=\"w-tabs-section-control\"><\/div><h3 class=\"w-tabs-section-title\">Innovaci\u00f3n<\/h3><i class=\"far fa-lightbulb\"><\/i><\/div><\/button><div class=\"w-tabs-section-content\" id=\"content-1562848284321-bb06b27f-8b6c\" aria-expanded=\"false\"><div class=\"w-tabs-section-content-h i-cf\"><div class=\"wpb_text_column\" ><div class=\"wpb_wrapper\"><p><span style=\"font-weight: 400;\">Como una empresa que se basa en la tecnolog\u00eda es fundamental para nosotros estar al d\u00eda y m\u00e1s que eso sorprender con algo nuevo. Para esto, nos importa que nuestro equipo est\u00e9 aprendiendo constantemente, nuestros integrantes deben tener un gran inter\u00e9s por saber cada vez m\u00e1s y crecer como profesionales.\u00a0<\/span><\/p>\n<p><span style=\"font-weight: 400;\">Six Degrees It se interesa en motivar a su equipo a educarse, la curiosidad intelectual siempre ser\u00e1 respaldada y considerada dentro de la empresa.<\/span><\/p>\n<\/div><\/div><\/div><\/div><\/div><div class=\"w-tabs-section with_icon has_text_color\" id=\"1618327061534-e448e388-8413\" style=\"background:#222222;color:#ffffff;\"><button aria-controls=\"content-1618327061534-e448e388-8413\" class=\"w-tabs-section-header\"><div class=\"w-tabs-section-header-h\"><div class=\"w-tabs-section-control\"><\/div><h3 class=\"w-tabs-section-title\">Calidad<\/h3><i class=\"far fa-thumbs-up\"><\/i><\/div><\/button><div class=\"w-tabs-section-content\" id=\"content-1618327061534-e448e388-8413\" aria-expanded=\"false\"><div class=\"w-tabs-section-content-h i-cf\"><div class=\"wpb_text_column\" ><div class=\"wpb_wrapper\"><p><span style=\"font-weight: 400;\">Asegurar la calidad del producto es fundamental en Six Degrees It, cumplir con las expectativas de quien conf\u00eda en nuestro trabajo es lo que nos permite seguir creando y creciendo d\u00eda a d\u00eda.<\/span><\/p>\n<\/div><\/div><\/div><\/div><\/div><div class=\"w-tabs-section with_icon has_text_color\" id=\"1618327344312-2ba0ce87-187b\" style=\"background:#CF0E1C;color:#ffffff;\"><button aria-controls=\"content-1618327344312-2ba0ce87-187b\" class=\"w-tabs-section-header\"><div class=\"w-tabs-section-header-h\"><div class=\"w-tabs-section-control\"><\/div><h3 class=\"w-tabs-section-title\">Compromiso<\/h3><i class=\"far fa-handshake\"><\/i><\/div><\/button><div class=\"w-tabs-section-content\" id=\"content-1618327344312-2ba0ce87-187b\" aria-expanded=\"false\"><div class=\"w-tabs-section-content-h i-cf\"><div class=\"wpb_text_column\" ><div class=\"wpb_wrapper\"><p><span style=\"font-weight: 400;\">En un campo como la tecnolog\u00eda los errores siempre van a ser parte del proceso, por eso tenemos un equipo con la fuerza de afrontar estos obst\u00e1culos, que nos ayudan a no rendirnos hasta encontrar la soluci\u00f3n y entregar siempre un producto que cumpla con los objetivos.<\/span><\/p>\n<\/div><\/div><\/div><\/div><\/div><\/div><\/div><\/div><\/div><\/div><\/div><div class=\"vc_col-sm-4 wpb_column vc_column_container animate_afr\" style=\"animation-delay:0s\"><div class=\"vc_column-inner\"><div class=\"wpb_wrapper\"><div class=\"w-image style_circle has_ratio align_none\"><div class=\"w-image-h\"><div style=\"padding-bottom:100.0000%\"><\/div><img loading=\"lazy\" decoding=\"async\" width=\"300\" height=\"211\" src=\"http:\/\/3.130.99.122\/wp-content\/uploads\/2021\/05\/foto-equipo-trabajook-300x211.jpg\" class=\"attachment-medium size-medium\" alt=\"\" srcset=\"http:\/\/3.130.99.122\/wp-content\/uploads\/2021\/05\/foto-equipo-trabajook-300x211.jpg 300w, http:\/\/3.130.99.122\/wp-content\/uploads\/2021\/05\/foto-equipo-trabajook.jpg 874w\" sizes=\"auto, (max-width: 300px) 100vw, 300px\" \/><\/div><\/div><\/div><\/div><\/div><div class=\"vc_col-sm-12 wpb_column vc_column_container\"><div class=\"vc_column-inner\"><div class=\"wpb_wrapper\"><div class=\"w-separator size_small\"><\/div><div class=\"wpb_text_column\" ><div class=\"wpb_wrapper\"><h3>C\u00f3mo trabajamos y c\u00f3mo nos comunicamos<\/h3>\n<p>En Six Degrees It mantenemos comunicaci\u00f3n constante entre todo el equipo por varias v\u00edas de comunicaci\u00f3n. Nos organizamos bajo una metodolog\u00eda SCRUM, la cual nos permite tener retroalimentaci\u00f3n diaria de cada uno de nuestros integrantes para asegurarnos que todo ande bien y darnos la mano en caso de que se encuentre alg\u00fan problema o retraso.<\/p>\n<p>Nuestra cultura de trabajo se basa en el apoyo mutuo, en Six Degrees It entendemos que el trabajo en equipo es fundamental, para esto cada integrante est\u00e1 abierto a ayudar y preguntar lo que necesite cuando lo necesite. As\u00ed cuando nos encontremos en problemas podremos resolverlo m\u00e1s r\u00e1pido juntos.<\/p>\n<h3>Cu\u00e1ntos equipos tenemos y qu\u00e9 hacen<\/h3>\n<p>En Six Degrees It tenemos tres equipos de trabajo:<\/p>\n<p><strong>Management:<\/strong> Administraci\u00f3n, talento humano, finanzas, y control. Dirigen y resuelven las mejoras necesarias dentro de los proyectos y el equipo.<\/p>\n<p><strong>Product:<\/strong> Product owners. Crean la idea base del producto que desean obtener trabajando con nuestro equipo. Son clave en las decisiones de contenido.<\/p>\n<p><strong>Desarrollo:<\/strong> Ingenier\u00eda, dise\u00f1o y pruebas de aseguraci\u00f3n de calidad. Desarrollan los productos y todo tipo de contenido manejado dentro de Six Degrees It. Se aseguran de investigar e implementar mejoras en todos los proyectos.<\/p>\n<\/div><\/div><\/div><\/div><\/div><\/div><\/div><\/section>","protected":false},"excerpt":{"rendered":"Nuestro Equipo: Un Aliado Ideal NosotrosFoundersNuestra CulturaNosotros Somos una compa\u00f1\u00eda de Tecnolog\u00eda Financiera fundada en Colombia 2015, experta en crear e integrar Soluciones Digitales y de Negocio con el prop\u00f3sito de impulsar la Transformaci\u00f3n Digital de la Industria Financiera en Colombia y Am\u00e9rica Latina.\u00a0 Trabajamos con las Entidades Financieras apalancando su transformaci\u00f3n a trav\u00e9s de...","protected":false},"author":1,"featured_media":0,"parent":0,"menu_order":0,"comment_status":"closed","ping_status":"closed","template":"","meta":{"footnotes":""},"class_list":["post-7085","page","type-page","status-publish","hentry"],"jetpack_sharing_enabled":true,"_links":{"self":[{"href":"http:\/\/3.130.99.122\/en\/wp-json\/wp\/v2\/pages\/7085","targetHints":{"allow":["GET"]}}],"collection":[{"href":"http:\/\/3.130.99.122\/en\/wp-json\/wp\/v2\/pages"}],"about":[{"href":"http:\/\/3.130.99.122\/en\/wp-json\/wp\/v2\/types\/page"}],"author":[{"embeddable":true,"href":"http:\/\/3.130.99.122\/en\/wp-json\/wp\/v2\/users\/1"}],"replies":[{"embeddable":true,"href":"http:\/\/3.130.99.122\/en\/wp-json\/wp\/v2\/comments?post=7085"}],"version-history":[{"count":22,"href":"http:\/\/3.130.99.122\/en\/wp-json\/wp\/v2\/pages\/7085\/revisions"}],"predecessor-version":[{"id":8412,"href":"http:\/\/3.130.99.122\/en\/wp-json\/wp\/v2\/pages\/7085\/revisions\/8412"}],"wp:attachment":[{"href":"http:\/\/3.130.99.122\/en\/wp-json\/wp\/v2\/media?parent=7085"}],"curies":[{"name":"wp","href":"https:\/\/api.w.org\/{rel}","templated":true}]}}