{"id":8078,"date":"2021-04-17T02:08:03","date_gmt":"2021-04-17T02:08:03","guid":{"rendered":"https:\/\/web.sixdegreesit.co\/?page_id=8078"},"modified":"2021-04-17T02:08:44","modified_gmt":"2021-04-17T02:08:44","slug":"nuestros-productos","status":"publish","type":"page","link":"http:\/\/3.130.99.122\/en\/nuestros-productos\/","title":{"rendered":"Our Products"},"content":{"rendered":"<section class=\"l-section wpb_row height_custom\"><div class=\"l-section-h i-cf\"><div class=\"g-cols vc_row type_default valign_top\"><div class=\"vc_col-sm-12 wpb_column vc_column_container\"><div class=\"vc_column-inner\"><div class=\"wpb_wrapper\"><div class=\"w-grid us_custom_471dca70 type_grid layout_portfolio_2 cols_3 with_css_animation no_gap ratio_1x1\" id=\"us_grid_1\" data-filterable=\"true\"><style id=\"us_grid_1_css\">@media (max-width:899px){#us_grid_1 .w-grid-item{width:50.0000%}#us_grid_1 .w-grid-item.size_2x1,#us_grid_1 .w-grid-item.size_2x2{width:100.0000%}}@media (max-width:599px){#us_grid_1 .w-grid-item{width:100.0000%}}@media (min-width:1024px){#us_grid_1 .w-post-elm.post_title{font-size:28px!important}}<\/style><style>.layout_portfolio_2 .w-grid-item-h:before{padding-bottom:100.0000%}@media (min-width:600px){.layout_portfolio_2 .w-grid-item.size_1x2 .w-grid-item-h:before{padding-bottom:calc(200.0000% + 0px + 0px)}.layout_portfolio_2 .w-grid-item.size_2x1 .w-grid-item-h:before{padding-bottom:calc(50.0000% - 0px * 1.0000)}.layout_portfolio_2 .w-grid-item.size_2x2 .w-grid-item-h:before{padding-bottom:calc(100.0000% - 0px * 0)}}.layout_portfolio_2 .w-grid-item-h{background:#333}.layout_portfolio_2 .usg_post_image_1{transition-duration:0.35s;transform-origin:50% 50%;transform:scale(1) translate(0,0)}.layout_portfolio_2 .w-grid-item-h:hover .usg_post_image_1{transform:scale(1.1) translate(0,0);opacity:0.1}.layout_portfolio_2 .usg_post_image_1{position:absolute!important;top:0!important;right:0!important;bottom:0!important;left:0!important}.layout_portfolio_2 .usg_vwrapper_1{position:absolute!important;right:0!important;bottom:0!important;left:0!important;background:linear-gradient(transparent,rgba(30,30,30,0.8))!important;padding:4rem 2rem 1.5rem 2rem!important}.layout_portfolio_2 .usg_post_title_1{color:#fff!important;font-size:1.2rem!important}.layout_portfolio_2 .usg_post_taxonomy_1{color:#fff!important;font-size:0.9rem!important}<\/style><div class=\"w-grid-list\" >\t<article class=\"w-grid-item animate_hfc size_1x1 post-8126 us_portfolio type-us_portfolio status-publish has-post-thumbnail hentry us_portfolio_category-productos\" data-id=\"8126\" style=\"animation-delay:0s\">\r\n\t\t<div class=\"w-grid-item-h\">\r\n\t\t\t\t\t\t\t<a class=\"w-grid-item-anchor\" href=\"http:\/\/3.130.99.122\/wp-content\/uploads\/2021\/04\/fondo-slider2.jpg\" ref=\"magnificPopupGrid\" title=\"IncludeTec Digital Credit\"><\/a>\r\n\t\t\t\t\t\t<div class=\"w-post-elm post_image usg_post_image_1 stretched\"><img loading=\"lazy\" decoding=\"async\" width=\"1024\" height=\"576\" src=\"http:\/\/3.130.99.122\/wp-content\/uploads\/2021\/04\/fondo-slider2-1024x576.jpg\" class=\"attachment-large size-large wp-post-image\" alt=\"\" srcset=\"http:\/\/3.130.99.122\/wp-content\/uploads\/2021\/04\/fondo-slider2-1024x576.jpg 1024w, http:\/\/3.130.99.122\/wp-content\/uploads\/2021\/04\/fondo-slider2-300x169.jpg 300w, http:\/\/3.130.99.122\/wp-content\/uploads\/2021\/04\/fondo-slider2-1536x864.jpg 1536w, http:\/\/3.130.99.122\/wp-content\/uploads\/2021\/04\/fondo-slider2-450x253.jpg 450w, http:\/\/3.130.99.122\/wp-content\/uploads\/2021\/04\/fondo-slider2-600x338.jpg 600w, http:\/\/3.130.99.122\/wp-content\/uploads\/2021\/04\/fondo-slider2.jpg 1920w\" sizes=\"auto, (max-width: 1024px) 100vw, 1024px\" \/><\/div><div class=\"w-vwrapper usg_vwrapper_1 align_left valign_top\"><h2 class=\"w-post-elm post_title usg_post_title_1 entry-title color_link_inherit has_text_color\">IncludeTec Digital Credit<\/h2><div class=\"w-post-elm post_taxonomy usg_post_taxonomy_1 style_simple color_link_inherit has_text_color\"><a href=\"http:\/\/3.130.99.122\/en\/portfolio_category\/productos\/\">Products<\/a><\/div><\/div>\t\t<\/div>\r\n\t<\/article>\r\n\t<article class=\"w-grid-item animate_hfc size_1x1 post-8001 us_portfolio type-us_portfolio status-publish has-post-thumbnail hentry us_portfolio_category-productos\" data-id=\"8001\" style=\"animation-delay:0.1s\">\r\n\t\t<div class=\"w-grid-item-h\">\r\n\t\t\t\t\t\t\t<a class=\"w-grid-item-anchor\" href=\"http:\/\/3.130.99.122\/wp-content\/uploads\/2021\/04\/banca-virtual.jpg\" ref=\"magnificPopupGrid\" title=\"Digital Banking\"><\/a>\r\n\t\t\t\t\t\t<div class=\"w-post-elm post_image usg_post_image_1 stretched\"><img loading=\"lazy\" decoding=\"async\" width=\"1024\" height=\"683\" src=\"http:\/\/3.130.99.122\/wp-content\/uploads\/2021\/04\/banca-virtual-1024x683.jpg\" class=\"attachment-large size-large wp-post-image\" alt=\"\" srcset=\"http:\/\/3.130.99.122\/wp-content\/uploads\/2021\/04\/banca-virtual-1024x683.jpg 1024w, http:\/\/3.130.99.122\/wp-content\/uploads\/2021\/04\/banca-virtual-300x200.jpg 300w, http:\/\/3.130.99.122\/wp-content\/uploads\/2021\/04\/banca-virtual-450x300.jpg 450w, http:\/\/3.130.99.122\/wp-content\/uploads\/2021\/04\/banca-virtual-600x400.jpg 600w, http:\/\/3.130.99.122\/wp-content\/uploads\/2021\/04\/banca-virtual.jpg 1200w\" sizes=\"auto, (max-width: 1024px) 100vw, 1024px\" \/><\/div><div class=\"w-vwrapper usg_vwrapper_1 align_left valign_top\"><h2 class=\"w-post-elm post_title usg_post_title_1 entry-title color_link_inherit has_text_color\">Digital Banking<\/h2><div class=\"w-post-elm post_taxonomy usg_post_taxonomy_1 style_simple color_link_inherit has_text_color\"><a href=\"http:\/\/3.130.99.122\/en\/portfolio_category\/productos\/\">Products<\/a><\/div><\/div>\t\t<\/div>\r\n\t<\/article>\r\n\t<article class=\"w-grid-item animate_hfc size_1x1 post-8011 us_portfolio type-us_portfolio status-publish has-post-thumbnail hentry us_portfolio_category-productos\" data-id=\"8011\" style=\"animation-delay:0.2s\">\r\n\t\t<div class=\"w-grid-item-h\">\r\n\t\t\t\t\t\t\t<a class=\"w-grid-item-anchor\" href=\"http:\/\/3.130.99.122\/wp-content\/uploads\/2021\/04\/mobileauthentication.png\" ref=\"magnificPopupGrid\" title=\"Digital Linkage\"><\/a>\r\n\t\t\t\t\t\t<div class=\"w-post-elm post_image usg_post_image_1 stretched\"><img loading=\"lazy\" decoding=\"async\" width=\"620\" height=\"300\" src=\"http:\/\/3.130.99.122\/wp-content\/uploads\/2021\/04\/mobileauthentication.png\" class=\"attachment-large size-large wp-post-image\" alt=\"\" srcset=\"http:\/\/3.130.99.122\/wp-content\/uploads\/2021\/04\/mobileauthentication.png 620w, http:\/\/3.130.99.122\/wp-content\/uploads\/2021\/04\/mobileauthentication-300x145.png 300w, http:\/\/3.130.99.122\/wp-content\/uploads\/2021\/04\/mobileauthentication-450x218.png 450w, http:\/\/3.130.99.122\/wp-content\/uploads\/2021\/04\/mobileauthentication-600x290.png 600w\" sizes=\"auto, (max-width: 620px) 100vw, 620px\" \/><\/div><div class=\"w-vwrapper usg_vwrapper_1 align_left valign_top\"><h2 class=\"w-post-elm post_title usg_post_title_1 entry-title color_link_inherit has_text_color\">Digital Linkage<\/h2><div class=\"w-post-elm post_taxonomy usg_post_taxonomy_1 style_simple color_link_inherit has_text_color\"><a href=\"http:\/\/3.130.99.122\/en\/portfolio_category\/productos\/\">Products<\/a><\/div><\/div>\t\t<\/div>\r\n\t<\/article>\r\n<\/div><div class=\"w-grid-preloader\"><div class=\"g-preloader type_3\">\r\n\t<div><\/div>\r\n<\/div>\r\n<\/div>\t<div class=\"w-grid-json hidden\" onclick='return {&quot;action&quot;:&quot;us_ajax_grid&quot;,&quot;ajax_url&quot;:&quot;http:\\\/\\\/3.130.99.122\\\/wp-admin\\\/admin-ajax.php&quot;,&quot;infinite_scroll&quot;:0,&quot;max_num_pages&quot;:1,&quot;pagination&quot;:&quot;infinite&quot;,&quot;permalink_url&quot;:&quot;http:\\\/\\\/3.130.99.122\\\/en\\\/wp-json\\\/wp\\\/v2\\\/pages\\\/8078&quot;,&quot;template_vars&quot;:{&quot;columns&quot;:&quot;3&quot;,&quot;exclude_items&quot;:&quot;none&quot;,&quot;img_size&quot;:&quot;default&quot;,&quot;ignore_items_size&quot;:false,&quot;items_layout&quot;:&quot;portfolio_2&quot;,&quot;items_offset&quot;:&quot;1&quot;,&quot;load_animation&quot;:&quot;hfc&quot;,&quot;overriding_link&quot;:&quot;popup_post_image&quot;,&quot;post_id&quot;:8078,&quot;query_args&quot;:{&quot;post_type&quot;:[&quot;us_portfolio&quot;],&quot;tax_query&quot;:[{&quot;taxonomy&quot;:&quot;us_portfolio_category&quot;,&quot;field&quot;:&quot;slug&quot;,&quot;terms&quot;:[&quot;productos&quot;]}],&quot;post_status&quot;:[&quot;publish&quot;],&quot;posts_per_page&quot;:&quot;12&quot;},&quot;orderby_query_args&quot;:{&quot;orderby&quot;:&quot;RAND(848182715)&quot;},&quot;type&quot;:&quot;grid&quot;,&quot;us_grid_ajax_index&quot;:1,&quot;us_grid_filter_params&quot;:null,&quot;us_grid_index&quot;:1,&quot;_us_grid_post_type&quot;:&quot;us_portfolio&quot;}}'><\/div>\r\n\t<\/div><\/div><\/div><\/div><\/div><\/div><\/section>","protected":false},"excerpt":{"rendered":"Vinculaci\u00f3n DigitalPermita a sus clientes sin salir de casa, realizar la validaci\u00f3n de su identidad, registro de informaci\u00f3n, cargue de documentos, y verificaci\u00f3n con centrales de riesgo y listas desde una soluci\u00f3n web y\/o m\u00f3vil con la mejor experiencia de usuario. Administraci\u00f3n Administraci\u00f3n Entidad Consultas Dashboard Reportes Log de Auditor\u00eda Vinculaci\u00f3n Digital Autorizaci\u00f3n consulta y...","protected":false},"author":1,"featured_media":0,"parent":0,"menu_order":0,"comment_status":"closed","ping_status":"closed","template":"","meta":{"footnotes":""},"class_list":["post-8078","page","type-page","status-publish","hentry"],"jetpack_sharing_enabled":true,"_links":{"self":[{"href":"http:\/\/3.130.99.122\/en\/wp-json\/wp\/v2\/pages\/8078","targetHints":{"allow":["GET"]}}],"collection":[{"href":"http:\/\/3.130.99.122\/en\/wp-json\/wp\/v2\/pages"}],"about":[{"href":"http:\/\/3.130.99.122\/en\/wp-json\/wp\/v2\/types\/page"}],"author":[{"embeddable":true,"href":"http:\/\/3.130.99.122\/en\/wp-json\/wp\/v2\/users\/1"}],"replies":[{"embeddable":true,"href":"http:\/\/3.130.99.122\/en\/wp-json\/wp\/v2\/comments?post=8078"}],"version-history":[{"count":3,"href":"http:\/\/3.130.99.122\/en\/wp-json\/wp\/v2\/pages\/8078\/revisions"}],"predecessor-version":[{"id":8080,"href":"http:\/\/3.130.99.122\/en\/wp-json\/wp\/v2\/pages\/8078\/revisions\/8080"}],"wp:attachment":[{"href":"http:\/\/3.130.99.122\/en\/wp-json\/wp\/v2\/media?parent=8078"}],"curies":[{"name":"wp","href":"https:\/\/api.w.org\/{rel}","templated":true}]}}